{"id":21,"date":"2024-07-03T13:20:34","date_gmt":"2024-07-03T13:20:34","guid":{"rendered":"https:\/\/venturellisnc.com\/?page_id=21"},"modified":"2024-11-13T17:02:27","modified_gmt":"2024-11-13T17:02:27","slug":"laboratorio","status":"publish","type":"page","link":"https:\/\/venturellisnc.com\/index.php\/laboratorio\/","title":{"rendered":"Laboratorio"},"content":{"rendered":"<div  class='hr av-1k3m5-e180c79efc10b0e6ca7b8bc664ef6bb6 hr-default  avia-builder-el-0  el_before_av_one_third  avia-builder-el-first '><span class='hr-inner '><span class=\"hr-inner-style\"><\/span><\/span><\/div>\n<div  class='flex_column av-28cx1-ebfcf49894abf7bbddcf009a52fca0d2 av_one_third  avia-builder-el-1  el_after_av_hr  el_before_av_one_third  first flex_column_div  '     ><section  class='av_textblock_section av-ly7ac3ow-bf329551d22168a4b0a6824a688110fe '   itemscope=\"itemscope\" itemtype=\"https:\/\/schema.org\/CreativeWork\" ><div class='avia_textblock'  itemprop=\"text\" ><h2><span style=\"color: #289cc7;\">IL LABORATORIO INTERNO<\/span><\/h2>\n<p>Presso la nostra sede, i nostri <strong>tecnici qualificati<\/strong>, sia nel laboratorio che in magazzino, sono a completa disposizione per accogliere e riparare direttamente gli elettrodomestici che desideri portare in assistenza. Offriamo un servizio professionale e tempestivo per risolvere ogni tipo di problema.<\/p>\n<p><a href=\"https:\/\/venturellisnc.com\/index.php\/chi-siamo\/\">La nostra azienda<\/a> \u00e8 conosciuta da sempre per la sua seriet\u00e0, correttezza e affidabilit\u00e0. Lavoriamo con impegno e passione, cercando di rispondere sempre con competenza e puntualit\u00e0 alle necessit\u00e0 dei nostri clienti, mantenendo elevati standard di qualit\u00e0 in ogni fase del nostro operato.<\/p>\n<\/div><\/section><\/div><div  class='flex_column av-1rjqx-212e304cc6ba1032539ffa9a31640189 av_one_third  avia-builder-el-3  el_after_av_one_third  el_before_av_one_third  flex_column_div  '     ><section  class='av_textblock_section av-ly7abopp-cd7f2de468f8cb14d975c411bf106037 '   itemscope=\"itemscope\" itemtype=\"https:\/\/schema.org\/CreativeWork\" ><div class='avia_textblock'  itemprop=\"text\" ><p><img loading=\"lazy\" decoding=\"async\" class=\"alignright wp-image-67\" src=\"https:\/\/venturellisnc.com\/wp-content\/uploads\/2024\/07\/assistenza-riparazione-elettrodometici-emilia-romagna-casa-1-44696c5f-300x120.jpg\" alt=\"laboratorio\" width=\"393\" height=\"157\" srcset=\"https:\/\/venturellisnc.com\/wp-content\/uploads\/2024\/07\/assistenza-riparazione-elettrodometici-emilia-romagna-casa-1-44696c5f-300x120.jpg 300w, https:\/\/venturellisnc.com\/wp-content\/uploads\/2024\/07\/assistenza-riparazione-elettrodometici-emilia-romagna-casa-1-44696c5f-768x307.jpg 768w, https:\/\/venturellisnc.com\/wp-content\/uploads\/2024\/07\/assistenza-riparazione-elettrodometici-emilia-romagna-casa-1-44696c5f-705x282.jpg 705w, https:\/\/venturellisnc.com\/wp-content\/uploads\/2024\/07\/assistenza-riparazione-elettrodometici-emilia-romagna-casa-1-44696c5f.jpg 1000w\" sizes=\"auto, (max-width: 393px) 100vw, 393px\" \/><\/p>\n<h2><\/h2>\n<\/div><\/section><\/div><\/p>\n<div  class='flex_column av-ut75-dc9798e02af904b8e44d8b32da9bf3b5 av_one_third  avia-builder-el-5  el_after_av_one_third  el_before_av_hr  flex_column_div  '     ><section  class='av_textblock_section av-ly7acitl-36b0c401d51fc2555911c6fa785a881f '   itemscope=\"itemscope\" itemtype=\"https:\/\/schema.org\/CreativeWork\" ><div class='avia_textblock'  itemprop=\"text\" ><h2><span style=\"color: #289cc7;\">I TECNICI INTERNI<\/span><\/h2>\n<p>La nostra squadra di <strong>tecnici specializzati<\/strong> vanta una preparazione solida e costantemente aggiornata, grazie a corsi di formazione periodici organizzati direttamente dalle case produttrici di <a href=\"https:\/\/it.wikipedia.org\/wiki\/Elettrodomestico\">elettrodomestici<\/a>. Questo impegno ci consente di eseguire operazioni di riparazione rapide ed efficaci, garantendo sempre elevati standard di <strong>qualit\u00e0 e sicurezza<\/strong>. Inoltre, rispettiamo scrupolosamente tutte le normative vigenti in materia, assicurando cos\u00ec interventi sicuri e conformi alle regolazioni pi\u00f9 recenti.<\/p>\n<\/div><\/section><\/div><div  class='hr av-w7td-742fb0f8f1aa71190557de0765d23616 hr-default  avia-builder-el-7  el_after_av_one_third  avia-builder-el-last '><span class='hr-inner '><span class=\"hr-inner-style\"><\/span><\/span><\/div><\/p>\n","protected":false},"excerpt":{"rendered":"","protected":false},"author":1,"featured_media":0,"parent":0,"menu_order":0,"comment_status":"closed","ping_status":"closed","template":"","meta":{"footnotes":""},"class_list":["post-21","page","type-page","status-publish","hentry"],"yoast_head":"<!-- This site is optimized with the Yoast SEO plugin v23.8 - https:\/\/yoast.com\/wordpress\/plugins\/seo\/ -->\n<title>Laboratorio - Venturellisnc<\/title>\n<meta name=\"description\" content=\"Affida i tuoi elettrodomestici al nostro laboratorio, dove tecnici qualificati offrono riparazioni rapide e sicure.\" \/>\n<meta name=\"robots\" content=\"index, follow, max-snippet:-1, max-image-preview:large, max-video-preview:-1\" \/>\n<link rel=\"canonical\" href=\"https:\/\/venturellisnc.com\/index.php\/laboratorio\/\" \/>\n<meta property=\"og:locale\" content=\"it_IT\" \/>\n<meta property=\"og:type\" content=\"article\" \/>\n<meta property=\"og:title\" content=\"Laboratorio - Venturellisnc\" \/>\n<meta property=\"og:description\" content=\"Affida i tuoi elettrodomestici al nostro laboratorio, dove tecnici qualificati offrono riparazioni rapide e sicure.\" \/>\n<meta property=\"og:url\" content=\"https:\/\/venturellisnc.com\/index.php\/laboratorio\/\" \/>\n<meta property=\"og:site_name\" content=\"Venturellisnc\" \/>\n<meta property=\"article:modified_time\" content=\"2024-11-13T17:02:27+00:00\" \/>\n<meta property=\"og:image\" content=\"https:\/\/venturellisnc.com\/wp-content\/uploads\/2024\/07\/assistenza-riparazione-elettrodometici-emilia-romagna-casa-1-44696c5f.jpg\" \/>\n\t<meta property=\"og:image:width\" content=\"1000\" \/>\n\t<meta property=\"og:image:height\" content=\"400\" \/>\n\t<meta property=\"og:image:type\" content=\"image\/jpeg\" \/>\n<meta name=\"twitter:card\" content=\"summary_large_image\" \/>\n<meta name=\"twitter:label1\" content=\"Tempo di lettura stimato\" \/>\n\t<meta name=\"twitter:data1\" content=\"2 minuti\" \/>\n<script type=\"application\/ld+json\" class=\"yoast-schema-graph\">{\"@context\":\"https:\/\/schema.org\",\"@graph\":[{\"@type\":\"WebPage\",\"@id\":\"https:\/\/venturellisnc.com\/index.php\/laboratorio\/\",\"url\":\"https:\/\/venturellisnc.com\/index.php\/laboratorio\/\",\"name\":\"Laboratorio - Venturellisnc\",\"isPartOf\":{\"@id\":\"https:\/\/venturellisnc.com\/#website\"},\"primaryImageOfPage\":{\"@id\":\"https:\/\/venturellisnc.com\/index.php\/laboratorio\/#primaryimage\"},\"image\":{\"@id\":\"https:\/\/venturellisnc.com\/index.php\/laboratorio\/#primaryimage\"},\"thumbnailUrl\":\"https:\/\/venturellisnc.com\/wp-content\/uploads\/2024\/07\/assistenza-riparazione-elettrodometici-emilia-romagna-casa-1-44696c5f-300x120.jpg\",\"datePublished\":\"2024-07-03T13:20:34+00:00\",\"dateModified\":\"2024-11-13T17:02:27+00:00\",\"description\":\"Affida i tuoi elettrodomestici al nostro laboratorio, dove tecnici qualificati offrono riparazioni rapide e sicure.\",\"breadcrumb\":{\"@id\":\"https:\/\/venturellisnc.com\/index.php\/laboratorio\/#breadcrumb\"},\"inLanguage\":\"it-IT\",\"potentialAction\":[{\"@type\":\"ReadAction\",\"target\":[\"https:\/\/venturellisnc.com\/index.php\/laboratorio\/\"]}]},{\"@type\":\"ImageObject\",\"inLanguage\":\"it-IT\",\"@id\":\"https:\/\/venturellisnc.com\/index.php\/laboratorio\/#primaryimage\",\"url\":\"https:\/\/venturellisnc.com\/wp-content\/uploads\/2024\/07\/assistenza-riparazione-elettrodometici-emilia-romagna-casa-1-44696c5f.jpg\",\"contentUrl\":\"https:\/\/venturellisnc.com\/wp-content\/uploads\/2024\/07\/assistenza-riparazione-elettrodometici-emilia-romagna-casa-1-44696c5f.jpg\",\"width\":1000,\"height\":400},{\"@type\":\"BreadcrumbList\",\"@id\":\"https:\/\/venturellisnc.com\/index.php\/laboratorio\/#breadcrumb\",\"itemListElement\":[{\"@type\":\"ListItem\",\"position\":1,\"name\":\"Home\",\"item\":\"https:\/\/venturellisnc.com\/\"},{\"@type\":\"ListItem\",\"position\":2,\"name\":\"Laboratorio\"}]},{\"@type\":\"WebSite\",\"@id\":\"https:\/\/venturellisnc.com\/#website\",\"url\":\"https:\/\/venturellisnc.com\/\",\"name\":\"Venturellisnc\",\"description\":\"\",\"potentialAction\":[{\"@type\":\"SearchAction\",\"target\":{\"@type\":\"EntryPoint\",\"urlTemplate\":\"https:\/\/venturellisnc.com\/?s={search_term_string}\"},\"query-input\":{\"@type\":\"PropertyValueSpecification\",\"valueRequired\":true,\"valueName\":\"search_term_string\"}}],\"inLanguage\":\"it-IT\"}]}<\/script>\n<!-- \/ Yoast SEO plugin. -->","yoast_head_json":{"title":"Laboratorio - Venturellisnc","description":"Affida i tuoi elettrodomestici al nostro laboratorio, dove tecnici qualificati offrono riparazioni rapide e sicure.","robots":{"index":"index","follow":"follow","max-snippet":"max-snippet:-1","max-image-preview":"max-image-preview:large","max-video-preview":"max-video-preview:-1"},"canonical":"https:\/\/venturellisnc.com\/index.php\/laboratorio\/","og_locale":"it_IT","og_type":"article","og_title":"Laboratorio - Venturellisnc","og_description":"Affida i tuoi elettrodomestici al nostro laboratorio, dove tecnici qualificati offrono riparazioni rapide e sicure.","og_url":"https:\/\/venturellisnc.com\/index.php\/laboratorio\/","og_site_name":"Venturellisnc","article_modified_time":"2024-11-13T17:02:27+00:00","og_image":[{"width":1000,"height":400,"url":"https:\/\/venturellisnc.com\/wp-content\/uploads\/2024\/07\/assistenza-riparazione-elettrodometici-emilia-romagna-casa-1-44696c5f.jpg","type":"image\/jpeg"}],"twitter_card":"summary_large_image","twitter_misc":{"Tempo di lettura stimato":"2 minuti"},"schema":{"@context":"https:\/\/schema.org","@graph":[{"@type":"WebPage","@id":"https:\/\/venturellisnc.com\/index.php\/laboratorio\/","url":"https:\/\/venturellisnc.com\/index.php\/laboratorio\/","name":"Laboratorio - Venturellisnc","isPartOf":{"@id":"https:\/\/venturellisnc.com\/#website"},"primaryImageOfPage":{"@id":"https:\/\/venturellisnc.com\/index.php\/laboratorio\/#primaryimage"},"image":{"@id":"https:\/\/venturellisnc.com\/index.php\/laboratorio\/#primaryimage"},"thumbnailUrl":"https:\/\/venturellisnc.com\/wp-content\/uploads\/2024\/07\/assistenza-riparazione-elettrodometici-emilia-romagna-casa-1-44696c5f-300x120.jpg","datePublished":"2024-07-03T13:20:34+00:00","dateModified":"2024-11-13T17:02:27+00:00","description":"Affida i tuoi elettrodomestici al nostro laboratorio, dove tecnici qualificati offrono riparazioni rapide e sicure.","breadcrumb":{"@id":"https:\/\/venturellisnc.com\/index.php\/laboratorio\/#breadcrumb"},"inLanguage":"it-IT","potentialAction":[{"@type":"ReadAction","target":["https:\/\/venturellisnc.com\/index.php\/laboratorio\/"]}]},{"@type":"ImageObject","inLanguage":"it-IT","@id":"https:\/\/venturellisnc.com\/index.php\/laboratorio\/#primaryimage","url":"https:\/\/venturellisnc.com\/wp-content\/uploads\/2024\/07\/assistenza-riparazione-elettrodometici-emilia-romagna-casa-1-44696c5f.jpg","contentUrl":"https:\/\/venturellisnc.com\/wp-content\/uploads\/2024\/07\/assistenza-riparazione-elettrodometici-emilia-romagna-casa-1-44696c5f.jpg","width":1000,"height":400},{"@type":"BreadcrumbList","@id":"https:\/\/venturellisnc.com\/index.php\/laboratorio\/#breadcrumb","itemListElement":[{"@type":"ListItem","position":1,"name":"Home","item":"https:\/\/venturellisnc.com\/"},{"@type":"ListItem","position":2,"name":"Laboratorio"}]},{"@type":"WebSite","@id":"https:\/\/venturellisnc.com\/#website","url":"https:\/\/venturellisnc.com\/","name":"Venturellisnc","description":"","potentialAction":[{"@type":"SearchAction","target":{"@type":"EntryPoint","urlTemplate":"https:\/\/venturellisnc.com\/?s={search_term_string}"},"query-input":{"@type":"PropertyValueSpecification","valueRequired":true,"valueName":"search_term_string"}}],"inLanguage":"it-IT"}]}},"_links":{"self":[{"href":"https:\/\/venturellisnc.com\/index.php\/wp-json\/wp\/v2\/pages\/21","targetHints":{"allow":["GET"]}}],"collection":[{"href":"https:\/\/venturellisnc.com\/index.php\/wp-json\/wp\/v2\/pages"}],"about":[{"href":"https:\/\/venturellisnc.com\/index.php\/wp-json\/wp\/v2\/types\/page"}],"author":[{"embeddable":true,"href":"https:\/\/venturellisnc.com\/index.php\/wp-json\/wp\/v2\/users\/1"}],"replies":[{"embeddable":true,"href":"https:\/\/venturellisnc.com\/index.php\/wp-json\/wp\/v2\/comments?post=21"}],"version-history":[{"count":10,"href":"https:\/\/venturellisnc.com\/index.php\/wp-json\/wp\/v2\/pages\/21\/revisions"}],"predecessor-version":[{"id":332,"href":"https:\/\/venturellisnc.com\/index.php\/wp-json\/wp\/v2\/pages\/21\/revisions\/332"}],"wp:attachment":[{"href":"https:\/\/venturellisnc.com\/index.php\/wp-json\/wp\/v2\/media?parent=21"}],"curies":[{"name":"wp","href":"https:\/\/api.w.org\/{rel}","templated":true}]}}